{"id":15206,"date":"2022-06-14T17:25:02","date_gmt":"2022-06-14T17:25:02","guid":{"rendered":"https:\/\/www.iacteachers.org\/a-propos-de-nous\/"},"modified":"2025-02-16T22:29:33","modified_gmt":"2025-02-16T22:29:33","slug":"a-propos-de-nous","status":"publish","type":"page","link":"https:\/\/www.iacteachers.org\/fr\/a-propos-de-nous\/","title":{"rendered":"\u00c0 propos de nous"},"content":{"rendered":"<section class=\"wpb-content-wrapper\"><p>[vc_row css=&#8221;.vc_custom_1435816078010{margin-bottom: 15px !important;}&#8221;][vc_column][vc_column_text]<\/p>\n<h2 class=\"text-center\" style=\"text-align: center;\">INTERNATIONAL ASSEMBLY OF CONTEMPORARY TEACHERS \u2013 IACT<\/h2>\n<p class=\"text-center\">Nous croyons que les enseignants sont le fondement de toute communaut\u00e9. Par cons\u00e9quent, leur accorder la v\u00e9n\u00e9ration qu&#8217;ils m\u00e9ritent est un devoir. Ils sont le pass\u00e9 dont nous apprenons, le pr\u00e9sent qui nous fa\u00e7onne et le brillant avenir qu&#8217;ils nous aident \u00e0 atteindre.<\/p>\n<p class=\"text-center\">Depuis nos bureaux au Royaume-Uni, aux \u00c9tats-Unis, \u00e0 Singapour, en Turquie et partout dans le monde. Entre les mains d&#8217;un conseil hautement exp\u00e9riment\u00e9 et professionnel, nous donnons aux enseignants de la prochaine g\u00e9n\u00e9ration les moyens d&#8217;agir en mettant \u00e0 leur disposition un soutien et des techniques p\u00e9dagogiques de premier ordre. Nous visons \u00e0 construire une communaut\u00e9 interactive et unie dans le but de d\u00e9fendre le r\u00f4le fondamental des enseignants dans la formation des g\u00e9n\u00e9rations futures.<\/p>\n<p>[\/vc_column_text][\/vc_column][\/vc_row][vc_row equal_height=&#8221;yes&#8221; content_placement=&#8221;middle&#8221; type=&#8221;image&#8221; bg_position=&#8221;center&#8221; padding_top=&#8221;150&#8243; padding_bottom=&#8221;150&#8243; el_class=&#8221;vision_row&#8221; full_width=&#8221;stretch_row_content_no_spaces&#8221; parallax=&#8221;content-moving&#8221; parallax_image=&#8221;5207&#8243; parallax_speed_bg=&#8221;2&#8243; css=&#8221;.vc_custom_1641500028794{padding-top: 150px !important;padding-bottom: 150px !important;}&#8221; bg_image=&#8221;14910&#8243;][vc_column width=&#8221;1\/2&#8243;][\/vc_column][vc_column width=&#8221;1\/2&#8243;][vc_row_inner][vc_column_inner width=&#8221;2\/3&#8243;][vc_column_text el_class=&#8221;vision_text&#8221;]<\/p>\n<h2>Notre vision<\/h2>\n<p>Contribuer \u00e0 rendre l\u2019\u00e9ducation amusante \u00e0 travers l\u2019am\u00e9lioration du r\u00f4le de l\u2019enseignant partout dans le monde en mettant \u00e0 sa disposition tout les outils contemporains et qui suivent l\u2019\u00e9volution et la modernisation de l\u2019enseignement. [\/vc_column_text][\/vc_column_inner][vc_column_inner width=&#8221;1\/3&#8243;][\/vc_column_inner][\/vc_row_inner][\/vc_column][\/vc_row][vc_row equal_height=&#8221;yes&#8221; rtl_reverse=&#8221;yes&#8221; content_placement=&#8221;middle&#8221; inner_container=&#8221;no&#8221; padding_top=&#8221;0&#8243; padding_bottom=&#8221;0&#8243; full_width=&#8221;stretch_row_content_no_spaces&#8221;][vc_column width=&#8221;1\/2&#8243; el_class=&#8221;col-sm-push-6&#8243;][vc_single_image image=&#8221;14906&#8243; img_size=&#8221;full&#8221;][\/vc_column][vc_column width=&#8221;1\/2&#8243; el_class=&#8221;col-sm-pull-6&#8243;][vc_row_inner][vc_column_inner width=&#8221;1\/6&#8243;][\/vc_column_inner][vc_column_inner width=&#8221;2\/3&#8243;][vc_column_text]<\/p>\n<h2 class=\"uppercase\">Notre Message<\/h2>\n<p>Donner acc\u00e8s a du contenu qui aidera l\u2019enseignant \u00e0 achever de hauts degr\u00e9s de professionnalisme ce qui garantira la conservation du caract\u00e8re sacr\u00e9 de cette profession qui est l\u2019enseignement et tout ce qu\u2019il offre comme noblesse et prestige. Nous voulons aussi ouvrir les portes aux enseignants pour plus de cr\u00e9ativit\u00e9 et d\u2019acc\u00e8s aux exp\u00e9riences contemporaines dans un cadre \u00e9ducatif.[\/vc_column_text][\/vc_column_inner][vc_column_inner width=&#8221;1\/6&#8243;][\/vc_column_inner][\/vc_row_inner][\/vc_column][\/vc_row][vc_row equal_height=&#8221;yes&#8221; content_placement=&#8221;middle&#8221; inner_container=&#8221;no&#8221; padding_top=&#8221;0&#8243; padding_bottom=&#8221;0&#8243; full_width=&#8221;stretch_row_content_no_spaces&#8221;][vc_column width=&#8221;1\/2&#8243;][vc_single_image image=&#8221;14920&#8243; img_size=&#8221;full&#8221;][\/vc_column][vc_column width=&#8221;1\/2&#8243;][vc_row_inner][vc_column_inner width=&#8221;1\/6&#8243;][\/vc_column_inner][vc_column_inner width=&#8221;2\/3&#8243;][vc_column_text el_class=&#8221;our-values&#8221;]<\/p>\n<h2 class=\"uppercase\">Nos Valeurs<\/h2>\n<ul>\n<li>Nous encourageons le leadership, valorisons la distinction et suivant le d\u00e9veloppement.<\/li>\n<li>Nous pr\u00e9servons la haute position de l\u2019enseignant.<\/li>\n<li>Nous facilitons la communication entre la communaut\u00e9 des enseignants et l\u2019\u00e9change d\u2019exp\u00e9riences entre eux et les \u00e9tudiants.<\/li>\n<li>Nous contribuons \u00e0 donner acc\u00e8s \u00e0 l\u2019apprentissage au plus pauvres et d\u00e9munis.<\/li>\n<li>Nous t\u00e2chons \u00e0 donner justice \u00e0 l\u2019enseignant devant sa communaut\u00e9 et les diff\u00e9rents \u00e9tablissements d\u2019enseignement.<\/li>\n<\/ul>\n<p>[\/vc_column_text][\/vc_column_inner][vc_column_inner width=&#8221;1\/6&#8243;][\/vc_column_inner][\/vc_row_inner][\/vc_column][\/vc_row]<\/p>\n<\/section>","protected":false},"excerpt":{"rendered":"<p>[vc_row css=&#8221;.vc_custom_1435816078010{margin-bottom: 15px !important;}&#8221;][vc_column][vc_column_text] INTERNATIONAL ASSEMBLY OF CONTEMPORARY TEACHERS \u2013 IACT Nous croyons que les enseignants sont le fondement de toute communaut\u00e9. Par cons\u00e9quent, leur accorder la v\u00e9n\u00e9ration qu&#8217;ils m\u00e9ritent est un devoir. Ils sont le pass\u00e9 dont nous apprenons, le pr\u00e9sent qui nous fa\u00e7onne et le brillant avenir qu&#8217;ils nous aident \u00e0 atteindre. Depuis nos bureaux au Royaume-Uni, aux [&hellip;]<\/p>\n","protected":false},"author":1,"featured_media":13962,"parent":0,"menu_order":0,"comment_status":"closed","ping_status":"closed","template":"","meta":{"_acf_changed":false,"pmpro_default_level":"","_price":"","_stock":"","_tribe_ticket_header":"","_tribe_default_ticket_provider":"","_tribe_ticket_capacity":"0","_ticket_start_date":"","_ticket_end_date":"","_tribe_ticket_show_description":"","_tribe_ticket_show_not_going":false,"_tribe_ticket_use_global_stock":"","_tribe_ticket_global_stock_level":"","_global_stock_mode":"","_global_stock_cap":"","_tribe_rsvp_for_event":"","_tribe_ticket_going_count":"","_tribe_ticket_not_going_count":"","_tribe_tickets_list":"[]","_tribe_ticket_has_attendee_info_fields":false,"footnotes":"","_tec_slr_enabled":"","_tec_slr_layout":""},"class_list":["post-15206","page","type-page","status-publish","has-post-thumbnail","hentry","pmpro-has-access"],"acf":[],"ticketed":false,"_links":{"self":[{"href":"https:\/\/www.iacteachers.org\/fr\/wp-json\/wp\/v2\/pages\/15206","targetHints":{"allow":["GET"]}}],"collection":[{"href":"https:\/\/www.iacteachers.org\/fr\/wp-json\/wp\/v2\/pages"}],"about":[{"href":"https:\/\/www.iacteachers.org\/fr\/wp-json\/wp\/v2\/types\/page"}],"author":[{"embeddable":true,"href":"https:\/\/www.iacteachers.org\/fr\/wp-json\/wp\/v2\/users\/1"}],"replies":[{"embeddable":true,"href":"https:\/\/www.iacteachers.org\/fr\/wp-json\/wp\/v2\/comments?post=15206"}],"version-history":[{"count":26,"href":"https:\/\/www.iacteachers.org\/fr\/wp-json\/wp\/v2\/pages\/15206\/revisions"}],"predecessor-version":[{"id":20283,"href":"https:\/\/www.iacteachers.org\/fr\/wp-json\/wp\/v2\/pages\/15206\/revisions\/20283"}],"wp:featuredmedia":[{"embeddable":true,"href":"https:\/\/www.iacteachers.org\/fr\/wp-json\/wp\/v2\/media\/13962"}],"wp:attachment":[{"href":"https:\/\/www.iacteachers.org\/fr\/wp-json\/wp\/v2\/media?parent=15206"}],"curies":[{"name":"wp","href":"https:\/\/api.w.org\/{rel}","templated":true}]}}