{"id":15210,"date":"2022-06-14T18:09:27","date_gmt":"2022-06-14T18:09:27","guid":{"rendered":"https:\/\/www.iacteachers.org\/certificats\/"},"modified":"2024-08-04T15:05:37","modified_gmt":"2024-08-04T15:05:37","slug":"certificats","status":"publish","type":"page","link":"https:\/\/www.iacteachers.org\/fr\/certificats\/","title":{"rendered":"Certificats"},"content":{"rendered":"<section class=\"wpb-content-wrapper\"><p>[vc_row][vc_column][vc_custom_heading source=&#8221;post_title&#8221; font_container=&#8221;tag:h1|text_align:center&#8221; use_theme_fonts=&#8221;yes&#8221;][vc_column_text]Nous faisons valoir la fiert\u00e9 de nos membres en tant que membre de notre famille en fournissant \u00e0 chaque membre notre certificat. Ils fonctionnent comme une preuve d\u2019adh\u00e9sion et peuvent \u00eatre montr\u00e9s chaque fois que n\u00e9cessaire ou demand\u00e9. Chaque ann\u00e9e, nous avons un design diff\u00e9rent, honorant ainsi diff\u00e9rents souvenirs et exp\u00e9riences de nos membres estim\u00e9s.[\/vc_column_text][\/vc_column][\/vc_row][vc_row][vc_column width=&#8221;1\/3&#8243;][vc_single_image image=&#8221;14029&#8243; img_size=&#8221;75&#215;75&#8243; alignment=&#8221;center&#8221;][vc_column_text el_class=&#8221;text-justify&#8221;]<\/p>\n<h3 class=\"uppercase text-center\">Types de certificats<\/h3>\n<p> Nous avons notre principal \u201ccertificat d\u2019adh\u00e9sion IACT\u201d. Habituellement, ce certificat est sous forme physique et sera envoy\u00e9 par la poste \u00e0 nos membres estim\u00e9s. Il existe des certificats uniques pour diff\u00e9rents cours suivis et \u00e9galement un certificat d\u2019\u00e9v\u00e9nement sp\u00e9cial \/ conf\u00e9rence auquel IACT participe. Ils seront disponibles sous forme num\u00e9rique, avec la possibilit\u00e9 de les avoir en version physique.[\/vc_column_text][\/vc_column][vc_column width=&#8221;1\/3&#8243;][vc_single_image image=&#8221;14005&#8243; img_size=&#8221;75&#215;75&#8243; alignment=&#8221;center&#8221;][vc_column_text el_class=&#8221;text-justify&#8221;]<\/p>\n<h3 class=\"uppercase text-center\">\u00c9ligibilit\u00e9<\/h3>\n<p> Chaque membre qui adh\u00e8re \u00e0 l\u2019IACT est \u00e9ligible au \u00ab Certificat d\u2019adh\u00e9sion \u00bb. ce sera dans l\u2019ann\u00e9e correspondante de l\u2019inscription, puis lors du renouv\u00e8lement de l\u2019adh\u00e9sion aura droit au certificat de l\u2019ann\u00e9e \u00e0 venir et ainsi de suite. Les \u00ab certificats de cours \u00bb seront disponibles pour ceux qui terminent le cours et, si n\u00e9cessaire, pour r\u00e9ussir son examen \/ quiz. Le \u00ab certificat d\u2019\u00e9v\u00e8nement \u00bb sera fourni \u00e0 ceux qui assistent \u00e0 l\u2019\u00e9v\u00e8nement et suivent les instructions requises. Le \u00ab certificat d\u2019\u00e9v\u00e8nement \u00bb sera fourni \u00e0 ceux qui assistent \u00e0 l\u2019\u00e9v\u00e8nement et suivent les instructions requises.[\/vc_column_text][\/vc_column][vc_column width=&#8221;1\/3&#8243;][vc_single_image image=&#8221;14011&#8243; img_size=&#8221;75&#215;75&#8243; alignment=&#8221;center&#8221;][vc_column_text el_class=&#8221;text-justify&#8221;]<\/p>\n<h3 class=\"uppercase text-center\">ENVOI DES CERTIFICATS PAR LA POSTE<\/h3>\n<p> Une fois que vous devenez membre ou que vous le renouvelez, le \u00ab certificat d\u2019adh\u00e9sion \u00bb sera envoy\u00e9 par la poste \u00e0 l\u2019adresse que vous avez fournie sous forme physique. La m\u00eame r\u00e8gle s\u2019applique lorsque vous s\u00e9lectionnez l\u2019option \u00ab Certificat physique \u00bb lorsque vous terminez des cours ou participez \u00e0 des \u00e9v\u00e8nements. Nous vous encourageons fortement \u00e0 vous assurer que vous fournissez l\u2019adresse la plus pr\u00e9cise dans votre page d\u2019information afin de recevoir les certificats en toute s\u00e9curit\u00e9 et sans agitation.[\/vc_column_text][\/vc_column][\/vc_row][vc_row inner_container=&#8221;no&#8221; type=&#8221;image&#8221; bg_position=&#8221;center&#8221; el_class=&#8221;become-a-member-container&#8221; full_width=&#8221;stretch_row_content_no_spaces&#8221; css=&#8221;.vc_custom_1638206113775{background: #000000 url(https:\/\/www.iacteachers.org\/wp-content\/uploads\/2021\/11\/become-a-member.jpg?id=5426) !important;background-position: center !important;background-repeat: no-repeat !important;background-size: cover !important;}&#8221; bg_image=&#8221;13139&#8243;][vc_column width=&#8221;1\/4&#8243; offset=&#8221;vc_hidden-xs&#8221;][\/vc_column][vc_column width=&#8221;1\/2&#8243; offset=&#8221;vc_col-xs-12&#8243;][vc_column_text]<\/p>\n<h4>REJOIGNEZ LA COMMUNAUT\u00c9 \u00c9DUCATIVE LA PLUS INT\u00c9GR\u00c9E ET PROFITEZ DES AVANTAGES ULTIMES DES COURS ET DU MAT\u00c9RIEL POUR RENFORCER VOS COMP\u00c9TENCES \u00c9DUCATIVES.<\/h4>\n<p>[\/vc_column_text][vc_btn title=&#8221;Devenir Membre&#8221; style=&#8221;outline&#8221; shape=&#8221;round&#8221; color=&#8221;white&#8221; size=&#8221;lg&#8221; align=&#8221;right&#8221; link=&#8221;url:https%3A%2F%2Fwww.iacteachers.org%2Fregister&#8221;][\/vc_column][vc_column width=&#8221;1\/4&#8243; offset=&#8221;vc_hidden-xs&#8221;][\/vc_column][\/vc_row]<\/p>\n<\/section>","protected":false},"excerpt":{"rendered":"<p>[vc_row][vc_column][vc_custom_heading source=&#8221;post_title&#8221; font_container=&#8221;tag:h1|text_align:center&#8221; use_theme_fonts=&#8221;yes&#8221;][vc_column_text]Nous faisons valoir la fiert\u00e9 de nos membres en tant que membre de notre famille en fournissant \u00e0 chaque membre notre certificat. Ils fonctionnent comme une preuve d\u2019adh\u00e9sion et peuvent \u00eatre montr\u00e9s chaque fois que n\u00e9cessaire ou demand\u00e9. Chaque ann\u00e9e, nous avons un design diff\u00e9rent, honorant ainsi diff\u00e9rents souvenirs et exp\u00e9riences de nos membres estim\u00e9s.[\/vc_column_text][\/vc_column][\/vc_row][vc_row][vc_column width=&#8221;1\/3&#8243;][vc_single_image image=&#8221;14029&#8243; [&hellip;]<\/p>\n","protected":false},"author":1,"featured_media":20074,"parent":0,"menu_order":0,"comment_status":"closed","ping_status":"closed","template":"","meta":{"_acf_changed":false,"pmpro_default_level":"","_price":"","_stock":"","_tribe_ticket_header":"","_tribe_default_ticket_provider":"","_tribe_ticket_capacity":"0","_ticket_start_date":"","_ticket_end_date":"","_tribe_ticket_show_description":"","_tribe_ticket_show_not_going":false,"_tribe_ticket_use_global_stock":"","_tribe_ticket_global_stock_level":"","_global_stock_mode":"","_global_stock_cap":"","_tribe_rsvp_for_event":"","_tribe_ticket_going_count":"","_tribe_ticket_not_going_count":"","_tribe_tickets_list":"[]","_tribe_ticket_has_attendee_info_fields":false,"footnotes":"","_tec_slr_enabled":"","_tec_slr_layout":""},"class_list":["post-15210","page","type-page","status-publish","has-post-thumbnail","hentry","pmpro-has-access"],"acf":[],"ticketed":false,"_links":{"self":[{"href":"https:\/\/www.iacteachers.org\/fr\/wp-json\/wp\/v2\/pages\/15210","targetHints":{"allow":["GET"]}}],"collection":[{"href":"https:\/\/www.iacteachers.org\/fr\/wp-json\/wp\/v2\/pages"}],"about":[{"href":"https:\/\/www.iacteachers.org\/fr\/wp-json\/wp\/v2\/types\/page"}],"author":[{"embeddable":true,"href":"https:\/\/www.iacteachers.org\/fr\/wp-json\/wp\/v2\/users\/1"}],"replies":[{"embeddable":true,"href":"https:\/\/www.iacteachers.org\/fr\/wp-json\/wp\/v2\/comments?post=15210"}],"version-history":[{"count":22,"href":"https:\/\/www.iacteachers.org\/fr\/wp-json\/wp\/v2\/pages\/15210\/revisions"}],"predecessor-version":[{"id":18997,"href":"https:\/\/www.iacteachers.org\/fr\/wp-json\/wp\/v2\/pages\/15210\/revisions\/18997"}],"wp:featuredmedia":[{"embeddable":true,"href":"https:\/\/www.iacteachers.org\/fr\/wp-json\/wp\/v2\/media\/20074"}],"wp:attachment":[{"href":"https:\/\/www.iacteachers.org\/fr\/wp-json\/wp\/v2\/media?parent=15210"}],"curies":[{"name":"wp","href":"https:\/\/api.w.org\/{rel}","templated":true}]}}