{"id":15231,"date":"2022-06-14T18:12:03","date_gmt":"2022-06-14T18:12:03","guid":{"rendered":"https:\/\/www.iacteachers.org\/instituts\/"},"modified":"2022-09-14T12:46:24","modified_gmt":"2022-09-14T12:46:24","slug":"instituts","status":"publish","type":"page","link":"https:\/\/www.iacteachers.org\/fr\/instituts\/","title":{"rendered":"Instituts"},"content":{"rendered":"<section class=\"wpb-content-wrapper\"><p>[vc_row][vc_column width=&#8221;1\/6&#8243;][\/vc_column][vc_column width=&#8221;2\/3&#8243;][vc_column_text]<\/p>\n<p style=\"text-align: center;\">Nous, \u00e0 International Assembly of Contemporary Teachers, et afin d&#8217;\u00e9lever les enjeux des services \u00e9ducatifs, offrons la possibilit\u00e9 aux \u00e9tablissements d&#8217;enseignement d&#8217;\u00eatre certifi\u00e9s selon nos normes professionnelles.<\/p>\n<p>[\/vc_column_text][\/vc_column][vc_column width=&#8221;1\/6&#8243;][\/vc_column][\/vc_row][vc_row content_placement=&#8221;middle&#8221; inner_container=&#8221;no&#8221; type=&#8221;image&#8221; bg_position=&#8221;center&#8221; bg_position_horizontal=&#8221;center&#8221; enable_parallax=&#8221;false&#8221; padding_top=&#8221;80&#8243; padding_bottom=&#8221;80&#8243; full_width=&#8221;stretch_row_content&#8221; parallax=&#8221;content-moving&#8221; parallax_image=&#8221;5441&#8243; css=&#8221;.vc_custom_1638576164540{padding-top: 85px !important;padding-bottom: 85px !important;}&#8221; bg_image=&#8221;13143&#8243;][vc_column][vc_row_inner css=&#8221;.vc_custom_1638576238342{background-color: rgba(255,255,255,0.75) !important;*background-color: rgb(255,255,255) !important;}&#8221;][vc_column_inner width=&#8221;1\/6&#8243;][\/vc_column_inner][vc_column_inner width=&#8221;1\/3&#8243; css=&#8221;.vc_custom_1655590776895{padding-top: 40px !important;padding-bottom: 40px !important;}&#8221;][vc_single_image image=&#8221;14017&#8243; img_size=&#8221;full&#8221; alignment=&#8221;center&#8221;][vc_column_text]<\/p>\n<h3 style=\"text-align: center;\">NOS NORMES<\/h3>\n<p style=\"text-align: justify;\">Selon le type d&#8217;institut, la classification et le niveau d&#8217;obtention du dipl\u00f4me, nous avons un ensemble de normes \u00e0 respecter pour \u00eatre qualifi\u00e9 pour la certification. Ces normes incluent le nombre d&#8217;\u00e9tudiants, de dipl\u00f4m\u00e9s, d&#8217;ann\u00e9es d&#8217;incorporation, de m\u00e9thodes et de techniques d&#8217;enseignement, d&#8217;installations et m\u00eame de retours d&#8217;informations internes, tout ce que nous prenons en consid\u00e9ration. Nous passons par les instituts au cas par cas et prenons en compte diff\u00e9rents aspects.  <\/p>\n<p>[\/vc_column_text][\/vc_column_inner][vc_column_inner width=&#8221;1\/3&#8243; css=&#8221;.vc_custom_1655590788313{padding-top: 40px !important;padding-bottom: 40px !important;}&#8221;][vc_single_image image=&#8221;14023&#8243; img_size=&#8221;full&#8221; alignment=&#8221;center&#8221;][vc_column_text]<\/p>\n<h3 style=\"text-align: center;\">ET QU&#8217;EST-CE QUI SE PASSERAIT SI<\/h3>\n<p style=\"text-align: justify;\">L&#8217;\u00e9quipe\/le personnel d&#8217;experts se rendra tr\u00e8s probablement \u00e0 l&#8217;institut pour aider \u00e0 l&#8217;\u00e9valuation. Dans le cas o\u00f9 l&#8217;institut ne serait pas admissible \u00e0 notre certification, un document justificatif sera soumis indiquant que les domaines de d\u00e9tail doivent \u00eatre am\u00e9lior\u00e9s afin d&#8217;atteindre les normes de qualification minimales. Nous avons un certificat d&#8217;excellence ainsi pour ceux qui d\u00e9passent les normes professionnelles.  <\/p>\n<p>[\/vc_column_text][\/vc_column_inner][vc_column_inner width=&#8221;1\/6&#8243;][\/vc_column_inner][\/vc_row_inner][\/vc_column][\/vc_row][vc_row full_width=&#8221;stretch_row_content_no_spaces&#8221; css=&#8221;.vc_custom_1638209207598{background-position: center !important;background-repeat: no-repeat !important;background-size: cover !important;}&#8221;][vc_column width=&#8221;1\/6&#8243;][\/vc_column][vc_column width=&#8221;2\/3&#8243;][vc_column_text]<\/p>\n<h4 class=\"text-center\">Pour une \u00e9valuation initiale et afin de recevoir de plus amples informations, veuillez nous contacter via le formulaire ci-dessous<\/h4>\n<p class=\"text-center note\">(veuillez noter que, sauf indication contraire, un d\u00e9lai de trois ans depuis la constitution est requis pour \u00eatre \u00e9ligible \u00e0 la certification)<\/p>\n<p>[\/vc_column_text][\/vc_column][vc_column width=&#8221;1\/6&#8243;][\/vc_column][\/vc_row][vc_row][vc_column]\n<div class=\"wpcf7 no-js\" id=\"wpcf7-f5412-o1\" lang=\"en-US\" dir=\"ltr\" data-wpcf7-id=\"5412\">\n<div class=\"screen-reader-response\"><p role=\"status\" aria-live=\"polite\" aria-atomic=\"true\"><\/p> <ul><\/ul><\/div>\n<form action=\"\/fr\/wp-json\/wp\/v2\/pages\/15231#wpcf7-f5412-o1\" method=\"post\" class=\"wpcf7-form init\" aria-label=\"Contact form\" enctype=\"multipart\/form-data\" novalidate=\"novalidate\" data-status=\"init\">\n<fieldset class=\"hidden-fields-container\"><input type=\"hidden\" name=\"_wpcf7\" value=\"5412\" \/><input type=\"hidden\" name=\"_wpcf7_version\" value=\"6.1.5\" \/><input type=\"hidden\" name=\"_wpcf7_locale\" value=\"en_US\" \/><input type=\"hidden\" name=\"_wpcf7_unit_tag\" value=\"wpcf7-f5412-o1\" \/><input type=\"hidden\" name=\"_wpcf7_container_post\" value=\"0\" \/><input type=\"hidden\" name=\"_wpcf7_posted_data_hash\" value=\"\" \/><input type=\"hidden\" name=\"_wpcf7_recaptcha_response\" value=\"\" \/>\n<\/fieldset>\n<div class=\"row\">\n\t<div class=\"col-xs-12 col-sm-6 col-md-6 col-lg-6\">\n\t\t<div class=\"form-group\">\n\t\t\t<p><label>Contact Person Name<\/label><br \/>\n<span class=\"wpcf7-form-control-wrap\" data-name=\"contact-person-name\"><input size=\"40\" maxlength=\"400\" class=\"wpcf7-form-control wpcf7-text wpcf7-validates-as-required form-control\" aria-required=\"true\" aria-invalid=\"false\" value=\"\" type=\"text\" name=\"contact-person-name\" \/><\/span>\n\t\t\t<\/p>\n\t\t<\/div>\n\t<\/div>\n\t<div class=\"col-xs-12 col-sm-6 col-md-6 col-lg-6\">\n\t\t<div class=\"form-group\">\n\t\t\t<p><label>Phone Number<\/label><br \/>\n<span class=\"wpcf7-form-control-wrap\" data-name=\"phone-number\"><input size=\"40\" maxlength=\"400\" class=\"wpcf7-form-control wpcf7-text wpcf7-validates-as-required form-control\" aria-required=\"true\" aria-invalid=\"false\" value=\"\" type=\"text\" name=\"phone-number\" \/><\/span>\n\t\t\t<\/p>\n\t\t<\/div>\n\t<\/div>\n<\/div>\n<div class=\"row\">\n\t<div class=\"col-xs-12 col-sm-6 col-md-6 col-lg-6\">\n\t\t<div class=\"form-group\">\n\t\t\t<p><label>Educational Entity Name<\/label><br \/>\n<span class=\"wpcf7-form-control-wrap\" data-name=\"educational-entity-name\"><input size=\"40\" maxlength=\"400\" class=\"wpcf7-form-control wpcf7-text wpcf7-validates-as-required form-control\" aria-required=\"true\" aria-invalid=\"false\" value=\"\" type=\"text\" name=\"educational-entity-name\" \/><\/span>\n\t\t\t<\/p>\n\t\t<\/div>\n\t<\/div>\n\t<div class=\"col-xs-12 col-sm-6 col-md-6 col-lg-6\">\n\t\t<div class=\"form-group\">\n\t\t\t<p><label>CR Number (registry\/incorporation)<\/label><br \/>\n<span class=\"wpcf7-form-control-wrap\" data-name=\"cr-number\"><input size=\"40\" maxlength=\"400\" class=\"wpcf7-form-control wpcf7-text wpcf7-validates-as-required form-control\" aria-required=\"true\" aria-invalid=\"false\" value=\"\" type=\"text\" name=\"cr-number\" \/><\/span>\n\t\t\t<\/p>\n\t\t<\/div>\n\t<\/div>\n<\/div>\n<div class=\"row\">\n\t<div class=\"col-xs-12 col-sm-6 col-md-6 col-lg-6\">\n\t\t<div class=\"form-group\">\n\t\t\t<p><label>Institute Location<\/label><br \/>\n<span class=\"wpcf7-form-control-wrap\" data-name=\"institute-location\"><input size=\"40\" maxlength=\"400\" class=\"wpcf7-form-control wpcf7-text wpcf7-validates-as-required form-control\" aria-required=\"true\" aria-invalid=\"false\" value=\"\" type=\"text\" name=\"institute-location\" \/><\/span>\n\t\t\t<\/p>\n\t\t<\/div>\n\t<\/div>\n\t<div class=\"col-xs-12 col-sm-6 col-md-6 col-lg-6\">\n\t\t<div class=\"form-group\">\n\t\t\t<p><label>Institute Email Address<\/label><br \/>\n<span class=\"wpcf7-form-control-wrap\" data-name=\"email-address\"><input size=\"40\" maxlength=\"400\" class=\"wpcf7-form-control wpcf7-email wpcf7-validates-as-required wpcf7-text wpcf7-validates-as-email form-control\" aria-required=\"true\" aria-invalid=\"false\" value=\"\" type=\"email\" name=\"email-address\" \/><\/span>\n\t\t\t<\/p>\n\t\t<\/div>\n\t<\/div>\n<\/div>\n<div class=\"row\">\n\t<div class=\"col-xs-12 col-sm-6 col-md-6 col-lg-6\">\n\t\t<div class=\"form-group\">\n\t\t\t<p><label>Type of Institute<\/label><br \/>\n<span class=\"wpcf7-form-control-wrap\" data-name=\"type-of-institute\"><select class=\"wpcf7-form-control wpcf7-select wpcf7-validates-as-required form-control\" id=\"type-of-institute\" aria-required=\"true\" aria-invalid=\"false\" name=\"type-of-institute\"><option value=\"\">&#8212;Please choose an option&#8212;<\/option><option value=\"College\">College<\/option><option value=\"University\">University<\/option><option value=\"School\">School<\/option><option value=\"Training center\">Training center<\/option><option value=\"Other\">Other<\/option><\/select><\/span>\n\t\t\t<\/p>\n\t\t<\/div>\n\t<\/div>\n\t<div class=\"col-xs-12 col-sm-6 col-md-6 col-lg-6\">\n\t\t<div class=\"form-group\">\n\t\t\t<p><label>Number of Students<\/label><br \/>\n<span class=\"wpcf7-form-control-wrap\" data-name=\"number-of-students\"><input size=\"40\" maxlength=\"400\" class=\"wpcf7-form-control wpcf7-text wpcf7-validates-as-required form-control\" aria-required=\"true\" aria-invalid=\"false\" value=\"\" type=\"text\" name=\"number-of-students\" \/><\/span>\n\t\t\t<\/p>\n\t\t<\/div>\n\t<\/div>\n<\/div>\n<div class=\"row\">\n\t<div class=\"col-xs-12 col-sm-6 col-md-6 col-lg-6\">\n\t\t<div class=\"form-group\">\n\t\t\t<p><label>Number of Teachers\/ Trainers<\/label><br \/>\n<span class=\"wpcf7-form-control-wrap\" data-name=\"number-of-teachers-trainers\"><input size=\"40\" maxlength=\"400\" class=\"wpcf7-form-control wpcf7-text wpcf7-validates-as-required form-control\" aria-required=\"true\" aria-invalid=\"false\" value=\"\" type=\"text\" name=\"number-of-teachers-trainers\" \/><\/span>\n\t\t\t<\/p>\n\t\t<\/div>\n\t<\/div>\n\t<div class=\"col-xs-12 col-sm-6 col-md-6 col-lg-6\">\n\t\t<div class=\"form-group\">\n\t\t\t<p><label>Number of Staff<\/label><br \/>\n<span class=\"wpcf7-form-control-wrap\" data-name=\"number-of-staff\"><input size=\"40\" maxlength=\"400\" class=\"wpcf7-form-control wpcf7-text wpcf7-validates-as-required form-control\" aria-required=\"true\" aria-invalid=\"false\" value=\"\" type=\"text\" name=\"number-of-staff\" \/><\/span>\n\t\t\t<\/p>\n\t\t<\/div>\n\t<\/div>\n<\/div>\n<div class=\"row\">\n\t<div class=\"col-xs-12 col-sm-12 col-md-12 col-lg-12\">\n\t\t<div class=\"form-group\">\n\t\t\t<p><label>Additional Info<\/label><br \/>\n<span class=\"wpcf7-form-control-wrap\" data-name=\"additional-info\"><textarea cols=\"40\" rows=\"10\" maxlength=\"2000\" class=\"wpcf7-form-control wpcf7-textarea form-control\" id=\"additional-info\" aria-invalid=\"false\" name=\"additional-info\"><\/textarea><\/span>\n\t\t\t<\/p>\n\t\t<\/div>\n\t<\/div>\n<\/div>\n<div class=\"row\">\n\t<div class=\"col-xs-12 col-sm-12 col-md-12 col-lg-12\">\n\t\t<div class=\"form-group\">\n\t\t\t<p><label>Upload supporting (documents\/pictures)<\/label><br \/>\n<span class=\"wpcf7-form-control-wrap\" data-name=\"certificate_1\"><input size=\"40\" class=\"wpcf7-form-control wpcf7-file form-control\" id=\"certificate_1\" accept=\".jpg,.jpeg,.gif,.png,.doc,.docx,.pdf\" aria-invalid=\"false\" type=\"file\" name=\"certificate_1\" \/><\/span><br \/>\n<span class=\"wpcf7-form-control-wrap\" data-name=\"certificate_2\"><input size=\"40\" class=\"wpcf7-form-control wpcf7-file form-control\" id=\"certificate_2\" accept=\".jpg,.jpeg,.gif,.png,.doc,.docx,.pdf\" aria-invalid=\"false\" type=\"file\" name=\"certificate_2\" \/><\/span><br \/>\n<span class=\"wpcf7-form-control-wrap\" data-name=\"certificate_3\"><input size=\"40\" class=\"wpcf7-form-control wpcf7-file form-control\" id=\"certificate_3\" accept=\".jpg,.jpeg,.gif,.png,.doc,.docx,.pdf\" aria-invalid=\"false\" type=\"file\" name=\"certificate_3\" \/><\/span>\n\t\t\t<\/p>\n\t\t<\/div>\n\t<\/div>\n<\/div>\n<div class=\"row\">\n\t<div class=\"col-xs-12 col-sm-12 col-md-12 col-lg-12\">\n\t\t<div class=\"form-group\">\n\t\t\t<p><label>Assessment Fees is $ 25, once you submit your request we will redirect you to our payment page to pay the fees.<br \/>\n<\/label>\n\t\t\t<\/p>\n\t\t<\/div>\n\t<\/div>\n<\/div>\n<div class=\"row\">\n\t<div class=\"col-xs-12 col-sm-12 col-md-12 col-lg-12\">\n\t\t<p><input class=\"wpcf7-form-control wpcf7-submit has-spinner btn btn-default\" type=\"submit\" value=\"Submit &amp; Proceed With The Payment\" \/>\n\t\t<\/p>\n\t<\/div>\n<\/div><div class=\"wpcf7-response-output\" aria-hidden=\"true\"><\/div>\n<\/form>\n<\/div>\n[\/vc_column][\/vc_row]<\/p>\n<\/section>","protected":false},"excerpt":{"rendered":"<p>[vc_row][vc_column width=&#8221;1\/6&#8243;][\/vc_column][vc_column width=&#8221;2\/3&#8243;][vc_column_text] Nous, \u00e0 International Assembly of Contemporary Teachers, et afin d&#8217;\u00e9lever les enjeux des services \u00e9ducatifs, offrons la possibilit\u00e9 aux \u00e9tablissements d&#8217;enseignement d&#8217;\u00eatre certifi\u00e9s selon nos normes professionnelles. [\/vc_column_text][\/vc_column][vc_column width=&#8221;1\/6&#8243;][\/vc_column][\/vc_row][vc_row content_placement=&#8221;middle&#8221; inner_container=&#8221;no&#8221; type=&#8221;image&#8221; bg_position=&#8221;center&#8221; bg_position_horizontal=&#8221;center&#8221; enable_parallax=&#8221;false&#8221; padding_top=&#8221;80&#8243; padding_bottom=&#8221;80&#8243; full_width=&#8221;stretch_row_content&#8221; parallax=&#8221;content-moving&#8221; parallax_image=&#8221;5441&#8243; css=&#8221;.vc_custom_1638576164540{padding-top: 85px !important;padding-bottom: 85px !important;}&#8221; bg_image=&#8221;13143&#8243;][vc_column][vc_row_inner css=&#8221;.vc_custom_1638576238342{background-color: rgba(255,255,255,0.75) !important;*background-color: rgb(255,255,255) !important;}&#8221;][vc_column_inner width=&#8221;1\/6&#8243;][\/vc_column_inner][vc_column_inner width=&#8221;1\/3&#8243; css=&#8221;.vc_custom_1655590776895{padding-top: 40px !important;padding-bottom: 40px [&hellip;]<\/p>\n","protected":false},"author":1,"featured_media":13974,"parent":0,"menu_order":0,"comment_status":"closed","ping_status":"closed","template":"","meta":{"_acf_changed":false,"pmpro_default_level":"","_price":"","_stock":"","_tribe_ticket_header":"","_tribe_default_ticket_provider":"","_tribe_ticket_capacity":"0","_ticket_start_date":"","_ticket_end_date":"","_tribe_ticket_show_description":"","_tribe_ticket_show_not_going":false,"_tribe_ticket_use_global_stock":"","_tribe_ticket_global_stock_level":"","_global_stock_mode":"","_global_stock_cap":"","_tribe_rsvp_for_event":"","_tribe_ticket_going_count":"","_tribe_ticket_not_going_count":"","_tribe_tickets_list":"[]","_tribe_ticket_has_attendee_info_fields":false,"footnotes":"","_tec_slr_enabled":"","_tec_slr_layout":""},"class_list":["post-15231","page","type-page","status-publish","has-post-thumbnail","hentry","pmpro-has-access"],"acf":[],"ticketed":false,"_links":{"self":[{"href":"https:\/\/www.iacteachers.org\/fr\/wp-json\/wp\/v2\/pages\/15231","targetHints":{"allow":["GET"]}}],"collection":[{"href":"https:\/\/www.iacteachers.org\/fr\/wp-json\/wp\/v2\/pages"}],"about":[{"href":"https:\/\/www.iacteachers.org\/fr\/wp-json\/wp\/v2\/types\/page"}],"author":[{"embeddable":true,"href":"https:\/\/www.iacteachers.org\/fr\/wp-json\/wp\/v2\/users\/1"}],"replies":[{"embeddable":true,"href":"https:\/\/www.iacteachers.org\/fr\/wp-json\/wp\/v2\/comments?post=15231"}],"version-history":[{"count":7,"href":"https:\/\/www.iacteachers.org\/fr\/wp-json\/wp\/v2\/pages\/15231\/revisions"}],"predecessor-version":[{"id":15422,"href":"https:\/\/www.iacteachers.org\/fr\/wp-json\/wp\/v2\/pages\/15231\/revisions\/15422"}],"wp:featuredmedia":[{"embeddable":true,"href":"https:\/\/www.iacteachers.org\/fr\/wp-json\/wp\/v2\/media\/13974"}],"wp:attachment":[{"href":"https:\/\/www.iacteachers.org\/fr\/wp-json\/wp\/v2\/media?parent=15231"}],"curies":[{"name":"wp","href":"https:\/\/api.w.org\/{rel}","templated":true}]}}