{"id":15363,"date":"2022-06-14T18:12:37","date_gmt":"2022-06-14T18:12:37","guid":{"rendered":"https:\/\/www.iacteachers.org\/sauver-les-enfants\/"},"modified":"2022-09-13T20:44:14","modified_gmt":"2022-09-13T20:44:14","slug":"sauver-les-enfants","status":"publish","type":"page","link":"https:\/\/www.iacteachers.org\/fr\/sauver-les-enfants\/","title":{"rendered":"Sauvez les enfants"},"content":{"rendered":"<section class=\"wpb-content-wrapper\"><p>[vc_row padding_bottom=&#8221;0&#8243;][vc_column width=&#8221;1\/6&#8243;][\/vc_column][vc_column width=&#8221;2\/3&#8243;][vc_column_text css=&#8221;.vc_custom_1637449397116{margin-bottom: 25px !important;}&#8221;]<\/p>\n<p style=\"text-align: center;\">Chez IACT, nous croyons qu\u2019il faut soutenir les communaut\u00e9s qui ont plus de d\u00e9fis que d\u2019autres. Nous croyons que l\u2019\u00e9ducation est un droit fondamental et une voie importante pour que ces communaut\u00e9s s\u2019\u00e9l\u00e8vent au-dessus des d\u00e9fis. <\/p>\n<p>[\/vc_column_text][\/vc_column][vc_column width=&#8221;1\/6&#8243;][\/vc_column][\/vc_row][vc_row full_width=&#8221;stretch_row&#8221; css=&#8221;.vc_custom_1637449062913{background: #f9f9f9 url(https:\/\/www.iacteachers.org\/wp-content\/uploads\/2021\/11\/gray-bg-bar.jpg?id=5375) !important;background-position: center !important;background-repeat: no-repeat !important;background-size: cover !important;}&#8221;][vc_column width=&#8221;1\/6&#8243;][\/vc_column][vc_column width=&#8221;2\/3&#8243;][vc_column_text el_class=&#8221;qoute_text&#8221;]<\/p>\n<h3 style=\"text-align: center;\">\u00ab Donnez un poisson \u00e0 un homme et vous le nourrissez pendant une journ\u00e9e ; apprenez \u00e0 un homme \u00e0 p\u00eacher et vous le nourrissez toute sa vie \u00bb<\/h3>\n<p style=\"text-align: right;\">Inspir\u00e9 par Anne Isabella Ritchie<\/p>\n<p>[\/vc_column_text][\/vc_column][vc_column width=&#8221;1\/6&#8243;][\/vc_column][\/vc_row][vc_row equal_height=&#8221;yes&#8221; rtl_reverse=&#8221;yes&#8221; content_placement=&#8221;middle&#8221; el_class=&#8221;mb-0&#8243; full_width=&#8221;stretch_row_content_no_spaces&#8221;][vc_column width=&#8221;1\/2&#8243; el_class=&#8221;col-sm-push-6&#8243;][vc_single_image image=&#8221;14143&#8243; img_size=&#8221;full&#8221; alignment=&#8221;center&#8221; el_class=&#8221;mb-0&#8243;][\/vc_column][vc_column width=&#8221;1\/2&#8243; el_class=&#8221;col-sm-pull-6&#8243;][vc_row_inner el_class=&#8221;mt-35&#8243;][vc_column_inner width=&#8221;1\/6&#8243; offset=&#8221;vc_col-xs-1&#8243;][\/vc_column_inner][vc_column_inner width=&#8221;2\/3&#8243; offset=&#8221;vc_col-xs-10&#8243;][vc_column_text]<\/p>\n<h2 class=\"uppercase\">Infrastructure \u00e9ducative<\/h2>\n<p>De nombreuses r\u00e9gions du monde manquent de structures fondamentales et m\u00eame de base qui fournissent des services \u00e9ducatifs aux enfants. Ces structures comprennent des \u00e9coles de base, des maisons de classe, des livres, des outils \u00e9ducatifs ou m\u00eame des chaises et des conseils. Nous soutenons la cr\u00e9ation et la s\u00e9curisation de ces structures, \u00e9tablissant ainsi des fondations \u00e9ducatives au service des \u00e9tudiants de leurs r\u00e9gions.  <\/p>\n<p>[\/vc_column_text][\/vc_column_inner][vc_column_inner width=&#8221;1\/6&#8243; offset=&#8221;vc_col-xs-1&#8243;][\/vc_column_inner][\/vc_row_inner][\/vc_column][\/vc_row][vc_row equal_height=&#8221;yes&#8221; content_placement=&#8221;middle&#8221; full_width=&#8221;stretch_row_content_no_spaces&#8221;][vc_column width=&#8221;1\/2&#8243;][vc_single_image image=&#8221;15378&#8243; img_size=&#8221;full&#8221; alignment=&#8221;center&#8221; el_class=&#8221;mb-0&#8243;][\/vc_column][vc_column width=&#8221;1\/2&#8243;][vc_row_inner el_class=&#8221;mt-35&#8243;][vc_column_inner width=&#8221;1\/6&#8243; offset=&#8221;vc_col-xs-1&#8243;][\/vc_column_inner][vc_column_inner width=&#8221;2\/3&#8243; offset=&#8221;vc_col-xs-10&#8243;][vc_column_text]<\/p>\n<h2 class=\"uppercase\">Forces \u00e9ducatives<\/h2>\n<p>Avoir des enseignants qualifi\u00e9s et d\u00e9vou\u00e9s et du personnel de soutien est un pilier cl\u00e9. Nous soutenons la cr\u00e9ation de cette force en fournissant une formation et un d\u00e9veloppement appropri\u00e9s. L\u2019utilisation des ressources locales de la meilleure fa\u00e7on possible pour aider au processus \u00e9ducatif est une comp\u00e9tence cl\u00e9 qui, selon nous, aura un effet permanent sur l\u2019avancement de la communaut\u00e9. Nous croyons au d\u00e9vouement de la force car elle doit \u00eatre financi\u00e8rement s\u00e9curis\u00e9e pour pouvoir se concentrer et fonctionner efficacement.   <\/p>\n<p>[\/vc_column_text][\/vc_column_inner][vc_column_inner width=&#8221;1\/6&#8243; offset=&#8221;vc_col-xs-1&#8243;][\/vc_column_inner][\/vc_row_inner][\/vc_column][\/vc_row][vc_row equal_height=&#8221;yes&#8221; rtl_reverse=&#8221;yes&#8221; content_placement=&#8221;middle&#8221; el_class=&#8221;mb-0&#8243; full_width=&#8221;stretch_row_content_no_spaces&#8221;][vc_column width=&#8221;1\/2&#8243; el_class=&#8221;col-sm-push-6&#8243;][vc_single_image image=&#8221;14155&#8243; img_size=&#8221;full&#8221; alignment=&#8221;center&#8221; el_class=&#8221;mb-0&#8243;][\/vc_column][vc_column width=&#8221;1\/2&#8243; el_class=&#8221;col-sm-pull-6&#8243;][vc_row_inner el_class=&#8221;mt-35&#8243;][vc_column_inner width=&#8221;1\/6&#8243; offset=&#8221;vc_col-xs-1&#8243;][\/vc_column_inner][vc_column_inner width=&#8221;2\/3&#8243; offset=&#8221;vc_col-xs-10&#8243;][vc_column_text]<\/p>\n<h2 class=\"uppercase\">Gestion des ressources<\/h2>\n<p>Avec la p\u00e9nurie de ressources dans de nombreuses r\u00e9gions du monde, une gestion et un recyclage appropri\u00e9s peuvent fournir un r\u00e9el avantage. Nous soutenons la sensibilisation et la gestion des ressources, car nous croyons qu\u2019une formation appropri\u00e9e aidera \u00e0 cr\u00e9er cette vision parmi les communaut\u00e9s et le personnel locaux. Le recyclage des ressources des communaut\u00e9s les plus fortun\u00e9es en communaut\u00e9s plus difficiles offre aux \u00e9tudiants des occasions tr\u00e8s n\u00e9cessaires de progresser, sans parler de l\u2019effet positif sur l\u2019environnement. Les ressources peuvent inclure n\u2019importe quoi, des gadgets aux outils \u00e9ducatifs de base tels que les crayons.   <br \/>\n[\/vc_column_text][\/vc_column_inner][vc_column_inner width=&#8221;1\/6&#8243; offset=&#8221;vc_col-xs-1&#8243;][\/vc_column_inner][\/vc_row_inner][\/vc_column][\/vc_row][vc_row equal_height=&#8221;yes&#8221; content_placement=&#8221;middle&#8221; full_width=&#8221;stretch_row_content_no_spaces&#8221;][vc_column width=&#8221;1\/2&#8243;][vc_single_image image=&#8221;14161&#8243; img_size=&#8221;full&#8221; alignment=&#8221;center&#8221; el_class=&#8221;mb-0&#8243;][\/vc_column][vc_column width=&#8221;1\/2&#8243;][vc_row_inner el_class=&#8221;mt-35&#8243;][vc_column_inner width=&#8221;1\/6&#8243; offset=&#8221;vc_col-xs-1&#8243;][\/vc_column_inner][vc_column_inner width=&#8221;2\/3&#8243; offset=&#8221;vc_col-xs-10&#8243;][vc_column_text]<\/p>\n<h2 class=\"uppercase\">Un avenir radieux<\/h2>\n<p>Avoir une vision plus claire de l\u2019avenir et des opportunit\u00e9s constituera certainement un motif fort pour l\u2019\u00e9ducation des \u00e9tudiants, de leurs familles et des communaut\u00e9s en g\u00e9n\u00e9ral. Les communaut\u00e9s les plus d\u00e9favoris\u00e9es ont moins acc\u00e8s \u00e0 l\u2019enseignement sup\u00e9rieur et \u00e0 l\u2019avancement non seulement sur le plan de l\u2019\u00e9ducation, mais aussi sur le plan professionnel. La mise en relation des talents potentiels avec des \u00e9tablissements d\u2019enseignement de soutien appropri\u00e9s et d\u2019autres subventions de soutien cr\u00e9era de tels motifs. Un autre aspect important est de mettre en \u00e9vidence les opportunit\u00e9s et les potentiels locaux que l\u2019\u00e9ducation apportera \u00e0 ses d\u00e9tenteurs et comment elle peut affecter positivement leur vie.   <br \/>\n[\/vc_column_text][\/vc_column_inner][vc_column_inner width=&#8221;1\/6&#8243; offset=&#8221;vc_col-xs-1&#8243;][\/vc_column_inner][\/vc_row_inner][\/vc_column][\/vc_row]<\/p>\n<\/section>","protected":false},"excerpt":{"rendered":"<p>[vc_row padding_bottom=&#8221;0&#8243;][vc_column width=&#8221;1\/6&#8243;][\/vc_column][vc_column width=&#8221;2\/3&#8243;][vc_column_text css=&#8221;.vc_custom_1637449397116{margin-bottom: 25px !important;}&#8221;] Chez IACT, nous croyons qu\u2019il faut soutenir les communaut\u00e9s qui ont plus de d\u00e9fis que d\u2019autres. Nous croyons que l\u2019\u00e9ducation est un droit fondamental et une voie importante pour que ces communaut\u00e9s s\u2019\u00e9l\u00e8vent au-dessus des d\u00e9fis. [\/vc_column_text][\/vc_column][vc_column width=&#8221;1\/6&#8243;][\/vc_column][\/vc_row][vc_row full_width=&#8221;stretch_row&#8221; css=&#8221;.vc_custom_1637449062913{background: #f9f9f9 url(https:\/\/www.iacteachers.org\/wp-content\/uploads\/2021\/11\/gray-bg-bar.jpg?id=5375) !important;background-position: center !important;background-repeat: no-repeat !important;background-size: cover !important;}&#8221;][vc_column width=&#8221;1\/6&#8243;][\/vc_column][vc_column width=&#8221;2\/3&#8243;][vc_column_text el_class=&#8221;qoute_text&#8221;] \u00ab [&hellip;]<\/p>\n","protected":false},"author":1,"featured_media":14137,"parent":0,"menu_order":0,"comment_status":"closed","ping_status":"closed","template":"","meta":{"_acf_changed":false,"pmpro_default_level":"","_price":"","_stock":"","_tribe_ticket_header":"","_tribe_default_ticket_provider":"","_tribe_ticket_capacity":"0","_ticket_start_date":"","_ticket_end_date":"","_tribe_ticket_show_description":"","_tribe_ticket_show_not_going":false,"_tribe_ticket_use_global_stock":"","_tribe_ticket_global_stock_level":"","_global_stock_mode":"","_global_stock_cap":"","_tribe_rsvp_for_event":"","_tribe_ticket_going_count":"","_tribe_ticket_not_going_count":"","_tribe_tickets_list":"[]","_tribe_ticket_has_attendee_info_fields":false,"footnotes":"","_tec_slr_enabled":"","_tec_slr_layout":""},"class_list":["post-15363","page","type-page","status-publish","has-post-thumbnail","hentry","pmpro-has-access"],"acf":[],"ticketed":false,"_links":{"self":[{"href":"https:\/\/www.iacteachers.org\/fr\/wp-json\/wp\/v2\/pages\/15363","targetHints":{"allow":["GET"]}}],"collection":[{"href":"https:\/\/www.iacteachers.org\/fr\/wp-json\/wp\/v2\/pages"}],"about":[{"href":"https:\/\/www.iacteachers.org\/fr\/wp-json\/wp\/v2\/types\/page"}],"author":[{"embeddable":true,"href":"https:\/\/www.iacteachers.org\/fr\/wp-json\/wp\/v2\/users\/1"}],"replies":[{"embeddable":true,"href":"https:\/\/www.iacteachers.org\/fr\/wp-json\/wp\/v2\/comments?post=15363"}],"version-history":[{"count":6,"href":"https:\/\/www.iacteachers.org\/fr\/wp-json\/wp\/v2\/pages\/15363\/revisions"}],"predecessor-version":[{"id":15389,"href":"https:\/\/www.iacteachers.org\/fr\/wp-json\/wp\/v2\/pages\/15363\/revisions\/15389"}],"wp:featuredmedia":[{"embeddable":true,"href":"https:\/\/www.iacteachers.org\/fr\/wp-json\/wp\/v2\/media\/14137"}],"wp:attachment":[{"href":"https:\/\/www.iacteachers.org\/fr\/wp-json\/wp\/v2\/media?parent=15363"}],"curies":[{"name":"wp","href":"https:\/\/api.w.org\/{rel}","templated":true}]}}