{"id":16670,"date":"2023-10-07T19:57:03","date_gmt":"2023-10-07T19:57:03","guid":{"rendered":"https:\/\/www.iacteachers.org\/?page_id=16670"},"modified":"2023-10-07T23:09:09","modified_gmt":"2023-10-07T23:09:09","slug":"iact-academy","status":"publish","type":"page","link":"https:\/\/www.iacteachers.org\/fr\/iact-academy\/","title":{"rendered":"L&#8217;acad\u00e9mie IACT"},"content":{"rendered":"<section class=\"wpb-content-wrapper\"><p>[vc_row][vc_column][vc_custom_heading text=&#8221;L&apos;acad\u00e9mie IACT&#8221; font_container=&#8221;tag:h1|text_align:center&#8221; use_theme_fonts=&#8221;yes&#8221;][vc_single_image image=&#8221;16682&#8243; img_size=&#8221;full&#8221; alignment=&#8221;center&#8221; full_width=&#8221;yes&#8221;][vc_column_text]Lors de son prochain lancement, pr\u00e9vu prochainement, tous les membres d'&#8221;<a href=\"https:\/\/www.iacteacher.org\">iacteacher.org<\/a>&#8221; auront un acc\u00e8s complet \u00e0 notre site \u00e0 venir, qui vous permettra de lib\u00e9rer votre potentiel d&#8217;enseignement gr\u00e2ce \u00e0 notre plateforme tout-en-un (<a href=\"https:\/\/www.iactacademy.org\">iactacademy.org<\/a>). Nous offrons aux \u00e9ducateurs la possibilit\u00e9 de cr\u00e9er, partager, vendre et g\u00e9rer facilement des cours, des quiz et des classes en ligne. Que vous soyez un professionnel chevronn\u00e9 ou un d\u00e9butant, nous mettons \u00e0 votre disposition les outils n\u00e9cessaires pour r\u00e9ussir. Rejoignez notre communaut\u00e9 d&#8217;enseignants passionn\u00e9s et transformez votre savoir en une exp\u00e9rience enrichissante d\u00e8s aujourd&#8217;hui.[\/vc_column_text][vc_single_image image=&#8221;16685&#8243; img_size=&#8221;full&#8221; alignment=&#8221;center&#8221; full_width=&#8221;yes&#8221;][vc_column_text]Rejoignez notre communaut\u00e9 dynamique d&#8217;enseignants sur notre site web innovant \u00e0 venir et connectez-vous avec des \u00e9ducateurs de votre pays et d&#8217;ailleurs. Notre plateforme vous permet de mettre en avant votre expertise et de collaborer avec des enseignants partageant les m\u00eames id\u00e9es dans votre r\u00e9gion.<br \/>\nEn rejoignant notre communaut\u00e9, vous aurez acc\u00e8s \u00e0 des informations pr\u00e9cieuses, \u00e0 des opportunit\u00e9s d&#8217;enseignement locales avec des \u00e9tudiants locaux, ainsi qu&#8217;\u00e0 un r\u00e9seau de soutien qui comprend les d\u00e9fis uniques et les r\u00e9ussites de l&#8217;enseignement dans votre r\u00e9gion. Faites progresser votre carri\u00e8re d&#8217;enseignant et brillez au sein d&#8217;un groupe dynamique d&#8217;\u00e9ducateurs, o\u00f9 vous pouvez grandir et prosp\u00e9rer dans votre parcours p\u00e9dagogique.[\/vc_column_text][vc_single_image image=&#8221;16688&#8243; img_size=&#8221;full&#8221; alignment=&#8221;center&#8221; full_width=&#8221;yes&#8221;][vc_column_text]D\u00e9couvrez la puissance de notre tableau de bord convivial con\u00e7u exclusivement pour les enseignants. Notre interface \u00e9l\u00e9gante facilite la cr\u00e9ation de cours, de quiz, de classes virtuelles, la gestion du contenu et l&#8217;engagement des \u00e9l\u00e8ves. Avec des fonctionnalit\u00e9s intuitives telles que le suivi des progr\u00e8s, les outils de communication, le suivi des cours et des quiz, vous aurez tout ce dont vous avez besoin \u00e0 port\u00e9e de main. Cela vous permet de rationaliser votre exp\u00e9rience d&#8217;enseignement et de maximiser votre impact en toute simplicit\u00e9.[\/vc_column_text][vc_single_image image=&#8221;16691&#8243; img_size=&#8221;full&#8221; alignment=&#8221;center&#8221; full_width=&#8221;yes&#8221;][vc_column_text]La cr\u00e9ation de cours n&#8217;a jamais \u00e9t\u00e9 aussi facile. (<a href=\"https:\/\/www.iactacademy.org\">iactacademy.org<\/a>) propose un tableau de bord convivial, des outils simples d&#8217;utilisation et un large choix pour donner vie \u00e0 votre expertise en toute simplicit\u00e9. Avec une vaste gamme de cat\u00e9gories et de mati\u00e8res \u00e0 choisir, la cr\u00e9ation de contenus attrayants devient un jeu d&#8217;enfant. Rejoignez-nous et transformez rapidement vos connaissances en des cours captivants.[\/vc_column_text][vc_single_image image=&#8221;16694&#8243; img_size=&#8221;full&#8221; alignment=&#8221;center&#8221; full_width=&#8221;yes&#8221;][vc_column_text]\u00c0 l&#8217;issue de la formation, et des quiz si d\u00e9sir\u00e9s, vos \u00e9tudiants re\u00e7oivent des certificats \u00e9l\u00e9gamment con\u00e7us qui refl\u00e8tent la r\u00e9ussite et la fiert\u00e9. Ces certificats reconnaissent non seulement leur d\u00e9vouement, mais mettent \u00e9galement en avant leur engagement envers leur d\u00e9veloppement personnel et professionnel sous votre guidance. L&#8217;acad\u00e9mie IACT offre l&#8217;opportunit\u00e9 de partager la fiert\u00e9 des accomplissements entre les \u00e9tudiants et leurs enseignants, et agit comme une motivation constante pour atteindre de nouveaux sommets dans leur parcours \u00e9ducatif.<br \/>\n(<a href=\"https:\/\/www.iactacademy.org\">iactacademy.org<\/a>) constitue une v\u00e9ritable opportunit\u00e9 d&#8217;autonomisation des enseignants, et en tant que membre d'&#8221;<a href=\"https:\/\/www.iacteachers.org\/fr\/\">iacteachers.org<\/a>&#8220;, vous b\u00e9n\u00e9ficierez d&#8217;un acc\u00e8s complet \u00e0 cette ressource pr\u00e9cieuse.[\/vc_column_text][\/vc_column][\/vc_row]<\/p>\n<\/section>","protected":false},"excerpt":{"rendered":"<p>[vc_row][vc_column][vc_custom_heading text=&#8221;L&apos;acad\u00e9mie IACT&#8221; font_container=&#8221;tag:h1|text_align:center&#8221; use_theme_fonts=&#8221;yes&#8221;][vc_single_image image=&#8221;16682&#8243; img_size=&#8221;full&#8221; alignment=&#8221;center&#8221; full_width=&#8221;yes&#8221;][vc_column_text]Lors de son prochain lancement, pr\u00e9vu prochainement, tous les membres d&#8217;&#8221;iacteacher.org&#8221; auront un acc\u00e8s complet \u00e0 notre site \u00e0 venir, qui vous permettra de lib\u00e9rer votre potentiel d&#8217;enseignement gr\u00e2ce \u00e0 notre plateforme tout-en-un (iactacademy.org). Nous offrons aux \u00e9ducateurs la possibilit\u00e9 de cr\u00e9er, partager, vendre et g\u00e9rer facilement des cours, des quiz et [&hellip;]<\/p>\n","protected":false},"author":1,"featured_media":0,"parent":0,"menu_order":0,"comment_status":"closed","ping_status":"closed","template":"","meta":{"_acf_changed":false,"pmpro_default_level":"","_price":"","_stock":"","_tribe_ticket_header":"","_tribe_default_ticket_provider":"","_tribe_ticket_capacity":"0","_ticket_start_date":"","_ticket_end_date":"","_tribe_ticket_show_description":"","_tribe_ticket_show_not_going":false,"_tribe_ticket_use_global_stock":"","_tribe_ticket_global_stock_level":"","_global_stock_mode":"","_global_stock_cap":"","_tribe_rsvp_for_event":"","_tribe_ticket_going_count":"","_tribe_ticket_not_going_count":"","_tribe_tickets_list":"[]","_tribe_ticket_has_attendee_info_fields":false,"footnotes":"","_tec_slr_enabled":"","_tec_slr_layout":""},"class_list":["post-16670","page","type-page","status-publish","hentry","pmpro-has-access"],"acf":[],"ticketed":false,"_links":{"self":[{"href":"https:\/\/www.iacteachers.org\/fr\/wp-json\/wp\/v2\/pages\/16670","targetHints":{"allow":["GET"]}}],"collection":[{"href":"https:\/\/www.iacteachers.org\/fr\/wp-json\/wp\/v2\/pages"}],"about":[{"href":"https:\/\/www.iacteachers.org\/fr\/wp-json\/wp\/v2\/types\/page"}],"author":[{"embeddable":true,"href":"https:\/\/www.iacteachers.org\/fr\/wp-json\/wp\/v2\/users\/1"}],"replies":[{"embeddable":true,"href":"https:\/\/www.iacteachers.org\/fr\/wp-json\/wp\/v2\/comments?post=16670"}],"version-history":[{"count":7,"href":"https:\/\/www.iacteachers.org\/fr\/wp-json\/wp\/v2\/pages\/16670\/revisions"}],"predecessor-version":[{"id":16705,"href":"https:\/\/www.iacteachers.org\/fr\/wp-json\/wp\/v2\/pages\/16670\/revisions\/16705"}],"wp:attachment":[{"href":"https:\/\/www.iacteachers.org\/fr\/wp-json\/wp\/v2\/media?parent=16670"}],"curies":[{"name":"wp","href":"https:\/\/api.w.org\/{rel}","templated":true}]}}