{"id":19463,"date":"2024-09-20T22:18:57","date_gmt":"2024-09-20T22:18:57","guid":{"rendered":"https:\/\/www.iacteachers.org\/?page_id=19463"},"modified":"2025-07-15T12:27:56","modified_gmt":"2025-07-15T12:27:56","slug":"rights-and-duties","status":"publish","type":"page","link":"https:\/\/www.iacteachers.org\/fr\/rights-and-duties\/","title":{"rendered":"Droits et Devoirs"},"content":{"rendered":"<section class=\"wpb-content-wrapper\"><p>[vc_row content_placement=&#8221;middle&#8221;][vc_column width=&#8221;1\/2&#8243; el_class=&#8221;col-lg-push-6 col-md-push-6 col-sm-push-6&#8243;][vc_single_image image=&#8221;19396&#8243; img_size=&#8221;full&#8221;][\/vc_column][vc_column width=&#8221;1\/2&#8243; el_class=&#8221;col-lg-pull-6 col-md-pull-6 col-sm-pull-6&#8243;][vc_custom_heading text=&#8221;Droits&#8221; use_theme_fonts=&#8221;yes&#8221;][vc_column_text]<\/p>\n<ul>\n<li><span style=\"font-weight: 400;\"><strong>S\u00e9curit\u00e9 de l&#8217;Emploi :<\/strong> Les enseignants doivent b\u00e9n\u00e9ficier d&#8217;une s\u00e9curit\u00e9 de l&#8217;emploi pour garantir un sentiment de stabilit\u00e9.<\/span><\/li>\n<li><strong>Protection de l&#8217;Emploi : <\/strong>Les enseignants ne doivent pas \u00eatre licenci\u00e9s de mani\u00e8re arbitraire sous aucune forme.<\/li>\n<li><span style=\"font-weight: 400;\"><strong>Respect et R\u00e9v\u00e9rence :<\/strong> Les enseignants doivent recevoir respect et r\u00e9v\u00e9rence de la part des \u00e9l\u00e8ves, de l&#8217;\u00e9cole et de la communaut\u00e9 au sens large.<\/span><\/li>\n<li><span style=\"font-weight: 400;\"><strong>Encouragement et Louanges :<\/strong> Les enseignants doivent \u00eatre encourag\u00e9s et lou\u00e9s par les leaders culturels et soci\u00e9taux.<\/span><\/li>\n<li><span style=\"font-weight: 400;\"><strong>Reconnaissance des R\u00e9alisations :<\/strong> Les r\u00e9alisations des enseignants doivent \u00eatre document\u00e9es et fi\u00e8rement pr\u00e9sent\u00e9es dans divers forums.<\/span><\/li>\n<li><span style=\"font-weight: 400;\"><strong>Traitement Professionnel :<\/strong> L&#8217;administration de l&#8217;\u00e9cole doit traiter les enseignants de mani\u00e8re \u00e0 respecter leur statut \u00e9lev\u00e9 en tant qu&#8217;experts et b\u00e2tisseurs, et non simplement comme des employ\u00e9s.<\/span><\/li>\n<li><span style=\"font-weight: 400;\"><strong>Respect de l&#8217;Innovation :<\/strong> Les id\u00e9es et les innovations doivent \u00eatre respect\u00e9es, et l&#8217;ind\u00e9pendance professionnelle doit \u00eatre encourag\u00e9e, notamment dans l&#8217;utilisation de m\u00e9thodes d&#8217;enseignement cr\u00e9atives.<\/span><\/li>\n<li><span style=\"font-weight: 400;\"><strong>R\u00e9duction des Distractions :<\/strong> Tous les avantages n\u00e9cessaires doivent \u00eatre fournis pour \u00e9viter que les enseignants ne soient mentalement distraits ou surcharg\u00e9s de plusieurs emplois.<\/span><\/li>\n<li><span style=\"font-weight: 400;\"><strong>D\u00e9veloppement Professionnel :<\/strong> Des opportunit\u00e9s d&#8217;acquisition et d&#8217;am\u00e9lioration des connaissances et des comp\u00e9tences doivent \u00eatre offertes par le biais de conf\u00e9rences, d&#8217;\u00e9v\u00e9nements et de formations.<\/span><\/li>\n<li><span style=\"font-weight: 400;\"><strong>Environnement de Recherche :<\/strong> Un environnement favorable \u00e0 la recherche scientifique et aux \u00e9tudes doit \u00eatre mis \u00e0 disposition des enseignants.<\/span><\/li>\n<li><span style=\"font-weight: 400;\"><strong>R\u00f4le Actif :<\/strong> Les enseignants doivent \u00eatre habilit\u00e9s \u00e0 jouer un r\u00f4le actif et influent dans l&#8217;environnement de travail et dans le d\u00e9veloppement des programmes et des plans \u00e9ducatifs.<\/span><\/li>\n<\/ul>\n<p>[\/vc_column_text][\/vc_column][\/vc_row][vc_row content_placement=&#8221;middle&#8221;][vc_column width=&#8221;1\/2&#8243;][vc_single_image image=&#8221;19400&#8243; img_size=&#8221;full&#8221;][\/vc_column][vc_column width=&#8221;1\/2&#8243;][vc_custom_heading text=&#8221;Devoirs&#8221; use_theme_fonts=&#8221;yes&#8221;][vc_column_text]<\/p>\n<ul>\n<li><span style=\"font-weight: 400;\"><strong>Mod\u00e8le de R\u00f4le :<\/strong> Les enseignants doivent \u00eatre des mod\u00e8les exemplaires pour les \u00e9l\u00e8ves, les coll\u00e8gues et la communaut\u00e9, tant sur le plan moral qu&#8217;acad\u00e9mique.<\/span><\/li>\n<li><span style=\"font-weight: 400;\"><strong>\u00c9ducation aux Valeurs :<\/strong> Les enseignants doivent \u0153uvrer \u00e0 inculquer des valeurs \u00e9lev\u00e9es aux \u00e9l\u00e8ves.<\/span><\/li>\n<li><span style=\"font-weight: 400;\"><strong>Encouragement de l&#8217;Innovation :<\/strong> Les enseignants doivent encourager les \u00e9l\u00e8ves, embrasser leurs id\u00e9es et renforcer leurs capacit\u00e9s \u00e0 innover et \u00e0 cr\u00e9er.<\/span><\/li>\n<li><span style=\"font-weight: 400;\"><strong>Suivi des \u00c9l\u00e8ves :<\/strong> Les enseignants doivent suivre attentivement les progr\u00e8s \u00e9ducatifs et d\u00e9veloppementaux des \u00e9l\u00e8ves, en tenant compte des diff\u00e9rences individuelles.<\/span><\/li>\n<li><span style=\"font-weight: 400;\"><strong>Pr\u00e9paration des Cours :<\/strong> Les enseignants doivent accorder une priorit\u00e9 \u00e0 la pr\u00e9paration pour garantir la qualit\u00e9 du contenu enseign\u00e9 en classe.<\/span><\/li>\n<li><span style=\"font-weight: 400;\"><strong>Gestion Efficace de la Classe :<\/strong> Les enseignants doivent s&#8217;engager de mani\u00e8re constructive, utiliser efficacement le temps et g\u00e9rer les s\u00e9ances de classe de mani\u00e8re efficiente.<\/span><\/li>\n<li><span style=\"font-weight: 400;\"><strong>Am\u00e9lioration Professionnelle :<\/strong> Les enseignants doivent s&#8217;efforcer d&#8217;am\u00e9liorer la profession d&#8217;enseignant en adoptant des m\u00e9thodes p\u00e9dagogiques modernes et des activit\u00e9s innovantes.<\/span><\/li>\n<li><span style=\"font-weight: 400;\"><strong>Initiative en D\u00e9veloppement :<\/strong> Les enseignants doivent prendre l&#8217;initiative de la recherche et participer activement aux conf\u00e9rences et \u00e9v\u00e9nements pour am\u00e9liorer leurs performances.<\/span><\/li>\n<li><span style=\"font-weight: 400;\"><strong>Engagement Positif :<\/strong> Les enseignants doivent s&#8217;engager positivement dans les r\u00e9unions scolaires pour soutenir les politiques \u00e9ducatives, atteindre les objectifs p\u00e9dagogiques et respecter les syst\u00e8mes et les lois en vigueur.<\/span><\/li>\n<li><span style=\"font-weight: 400;\"><strong>D\u00e9veloppement des \u00c9l\u00e8ves :<\/strong> Les enseignants doivent se concentrer sur le d\u00e9veloppement des personnalit\u00e9s des \u00e9l\u00e8ves pour les aider \u00e0 surmonter les d\u00e9fis, tout en \u00e9tant vigilants face au harc\u00e8lement et autres pratiques nuisibles. Il est essentiel de cr\u00e9er une relation de confiance avec les \u00e9l\u00e8ves pour identifier et traiter efficacement ces probl\u00e8mes.\u00a0<\/span><\/li>\n<\/ul>\n<p>[\/vc_column_text][\/vc_column][\/vc_row]<\/p>\n<\/section>","protected":false},"excerpt":{"rendered":"<p>[vc_row content_placement=&#8221;middle&#8221;][vc_column width=&#8221;1\/2&#8243; el_class=&#8221;col-lg-push-6 col-md-push-6 col-sm-push-6&#8243;][vc_single_image image=&#8221;19396&#8243; img_size=&#8221;full&#8221;][\/vc_column][vc_column width=&#8221;1\/2&#8243; el_class=&#8221;col-lg-pull-6 col-md-pull-6 col-sm-pull-6&#8243;][vc_custom_heading text=&#8221;Droits&#8221; use_theme_fonts=&#8221;yes&#8221;][vc_column_text] S\u00e9curit\u00e9 de l&#8217;Emploi : Les enseignants doivent b\u00e9n\u00e9ficier d&#8217;une s\u00e9curit\u00e9 de l&#8217;emploi pour garantir un sentiment de stabilit\u00e9. Protection de l&#8217;Emploi : Les enseignants ne doivent pas \u00eatre licenci\u00e9s de mani\u00e8re arbitraire sous aucune forme. Respect et R\u00e9v\u00e9rence : Les enseignants doivent recevoir respect et r\u00e9v\u00e9rence [&hellip;]<\/p>\n","protected":false},"author":1,"featured_media":19252,"parent":0,"menu_order":0,"comment_status":"closed","ping_status":"closed","template":"","meta":{"_acf_changed":false,"pmpro_default_level":"","_price":"","_stock":"","_tribe_ticket_header":"","_tribe_default_ticket_provider":"","_tribe_ticket_capacity":"0","_ticket_start_date":"","_ticket_end_date":"","_tribe_ticket_show_description":"","_tribe_ticket_show_not_going":false,"_tribe_ticket_use_global_stock":"","_tribe_ticket_global_stock_level":"","_global_stock_mode":"","_global_stock_cap":"","_tribe_rsvp_for_event":"","_tribe_ticket_going_count":"","_tribe_ticket_not_going_count":"","_tribe_tickets_list":"[]","_tribe_ticket_has_attendee_info_fields":false,"footnotes":"","_tec_slr_enabled":"","_tec_slr_layout":""},"class_list":["post-19463","page","type-page","status-publish","has-post-thumbnail","hentry","pmpro-has-access"],"acf":[],"ticketed":false,"_links":{"self":[{"href":"https:\/\/www.iacteachers.org\/fr\/wp-json\/wp\/v2\/pages\/19463","targetHints":{"allow":["GET"]}}],"collection":[{"href":"https:\/\/www.iacteachers.org\/fr\/wp-json\/wp\/v2\/pages"}],"about":[{"href":"https:\/\/www.iacteachers.org\/fr\/wp-json\/wp\/v2\/types\/page"}],"author":[{"embeddable":true,"href":"https:\/\/www.iacteachers.org\/fr\/wp-json\/wp\/v2\/users\/1"}],"replies":[{"embeddable":true,"href":"https:\/\/www.iacteachers.org\/fr\/wp-json\/wp\/v2\/comments?post=19463"}],"version-history":[{"count":3,"href":"https:\/\/www.iacteachers.org\/fr\/wp-json\/wp\/v2\/pages\/19463\/revisions"}],"predecessor-version":[{"id":21214,"href":"https:\/\/www.iacteachers.org\/fr\/wp-json\/wp\/v2\/pages\/19463\/revisions\/21214"}],"wp:featuredmedia":[{"embeddable":true,"href":"https:\/\/www.iacteachers.org\/fr\/wp-json\/wp\/v2\/media\/19252"}],"wp:attachment":[{"href":"https:\/\/www.iacteachers.org\/fr\/wp-json\/wp\/v2\/media?parent=19463"}],"curies":[{"name":"wp","href":"https:\/\/api.w.org\/{rel}","templated":true}]}}